{"id":1360,"date":"2019-06-11T22:23:39","date_gmt":"2019-06-11T22:23:39","guid":{"rendered":"https:\/\/cafe-aromats.lv\/guestbook\/"},"modified":"2021-04-29T08:58:48","modified_gmt":"2021-04-29T08:58:48","slug":"guestbook","status":"publish","type":"page","link":"https:\/\/cafe-aromats.lv\/ru\/guestbook\/","title":{"rendered":"\u0413\u043e\u0441\u0442\u0435\u0432\u0430\u044f \u043a\u043d\u0438\u0433\u0430"},"content":{"rendered":"<h3>Arom\u0101ts<\/h3>\n<p>\n\u041d\u0430\u0434\u0435\u0435\u043c\u0441\u044f, \u0412\u0430\u043c \u0443 \u043d\u0430\u0441 \u043f\u043e\u043d\u0440\u0430\u0432\u0438\u043b\u043e\u0441\u044c! \u041d\u0430\u043c \u0432\u0430\u0436\u043d\u043e \u0412\u0430\u0448\u0435 \u043c\u043d\u0435\u043d\u0438\u0435.<\/p>\n<p>\u041a\u0430\u0436\u0434\u044b\u0439 \u0434\u0435\u043d\u044c \u043c\u044b \u0440\u0430\u0431\u043e\u0442\u0430\u0435\u0442 \u043d\u0430\u0434 \u0442\u0435\u043c, \u0447\u0442\u043e \u0431\u044b \u0441\u0442\u0430\u043d\u043e\u0432\u0438\u0442\u044c\u0441\u044f \u0435\u0449\u0435 \u043b\u0443\u0447\u0448\u0435 !<br \/>\n\u041d\u0430\u043c \u043e\u0447\u0435\u043d\u044c \u0432\u0430\u0436\u043d\u043e \u0437\u043d\u0430\u0442\u044c \u0412\u0430\u0448\u0435 \u043c\u043d\u0435\u043d\u0438\u0435 \u043e\u0431 \u0443\u0441\u043b\u0443\u0433\u0430\u0445, \u0441\u0435\u0440\u0432\u0438\u0441\u0435 \u0438 \u043a\u0430\u0447\u0435\u0441\u0442\u0432\u0435 \u043f\u0440\u043e\u0434\u0443\u043a\u0442\u043e\u0432.<\/p>\n<p>\u041f\u043e\u0436\u0430\u043b\u0443\u0439\u0441\u0442\u0430 \u043e\u0441\u0442\u0430\u0432\u044c\u0442\u0435 \u0441\u0432\u043e\u0439 \u043e\u0442\u0437\u044b\u0432 !<\/p>\n<p>\u0417\u0430\u0440\u0430\u043d\u0435\u0435 \u0431\u043b\u0430\u0433\u043e\u0434\u0430\u0440\u0438\u043c \u0432\u0430\u0441 \u0437\u0430 \u0432\u0430\u0448 \u043e\u0442\u0437\u044b\u0432 \u0438 \u0437\u0430 \u0442\u043e, \u0447\u0442\u043e \u0432\u044b \u044f\u0432\u043b\u044f\u0435\u0442\u0435\u0441\u044c \u043d\u0430\u0448\u0438\u043c \u043a\u043b\u0438\u0435\u043d\u0442\u043e\u043c.\n<\/p>\n[reviews_rating theme=&#187;columns one fonts&#187; vicinity=&#187;Arom\u0101ts, Tirgo\u0146u 20, Liep\u0101ja, LV-3401&#8243; reviews_link=&#187;\u041f\u043e\u0441\u043c\u043e\u0442\u0440\u0435\u0442\u044c \u041e\u0442\u0437\u044b\u0432\u044b&#187; write_review_link=&#187;\u041e\u0441\u0442\u0430\u0432\u0438\u0442\u044c \u041e\u0442\u0437\u044b\u0432&#187; ]\n","protected":false},"excerpt":{"rendered":"<p>Arom\u0101ts \u041d\u0430\u0434\u0435\u0435\u043c\u0441\u044f, \u0412\u0430\u043c \u0443 \u043d\u0430\u0441 \u043f\u043e\u043d\u0440\u0430\u0432\u0438\u043b\u043e\u0441\u044c! \u041d\u0430\u043c \u0432\u0430\u0436\u043d\u043e \u0412\u0430\u0448\u0435 \u043c\u043d\u0435\u043d\u0438\u0435. \u041a\u0430\u0436\u0434\u044b\u0439 \u0434\u0435\u043d\u044c \u043c\u044b \u0440\u0430\u0431\u043e\u0442\u0430\u0435\u0442 \u043d\u0430\u0434 \u0442\u0435\u043c, \u0447\u0442\u043e \u0431\u044b \u0441\u0442\u0430\u043d\u043e\u0432\u0438\u0442\u044c\u0441\u044f \u0435\u0449\u0435 \u043b\u0443\u0447\u0448\u0435 ! \u041d\u0430\u043c \u043e\u0447\u0435\u043d\u044c \u0432\u0430\u0436\u043d\u043e \u0437\u043d\u0430\u0442\u044c \u0412\u0430\u0448\u0435 \u043c\u043d\u0435\u043d\u0438\u0435 \u043e\u0431 \u0443\u0441\u043b\u0443\u0433\u0430\u0445, \u0441\u0435\u0440\u0432\u0438\u0441\u0435 \u0438 \u043a\u0430\u0447\u0435\u0441\u0442\u0432\u0435 \u043f\u0440\u043e\u0434\u0443\u043a\u0442\u043e\u0432. \u041f\u043e\u0436\u0430\u043b\u0443\u0439\u0441\u0442\u0430 \u043e\u0441\u0442\u0430\u0432\u044c\u0442\u0435 \u0441\u0432\u043e\u0439 \u043e\u0442\u0437\u044b\u0432 ! \u0417\u0430\u0440\u0430\u043d\u0435\u0435 \u0431\u043b\u0430\u0433\u043e\u0434\u0430\u0440\u0438\u043c \u0432\u0430\u0441 \u0437\u0430 \u0432\u0430\u0448 \u043e\u0442\u0437\u044b\u0432 \u0438 \u0437\u0430 \u0442\u043e, \u0447\u0442\u043e \u0432\u044b \u044f\u0432\u043b\u044f\u0435\u0442\u0435\u0441\u044c \u043d\u0430\u0448\u0438\u043c \u043a\u043b\u0438\u0435\u043d\u0442\u043e\u043c. [reviews_rating theme=&#187;columns..<\/p>\n","protected":false},"author":1,"featured_media":1869,"parent":0,"menu_order":0,"comment_status":"closed","ping_status":"closed","template":"","meta":{"content-type":"","_mi_skip_tracking":false,"_monsterinsights_sitenote_active":false,"_monsterinsights_sitenote_note":"","_monsterinsights_sitenote_category":0,"footnotes":""},"aioseo_notices":[],"_links":{"self":[{"href":"https:\/\/cafe-aromats.lv\/ru\/wp-json\/wp\/v2\/pages\/1360"}],"collection":[{"href":"https:\/\/cafe-aromats.lv\/ru\/wp-json\/wp\/v2\/pages"}],"about":[{"href":"https:\/\/cafe-aromats.lv\/ru\/wp-json\/wp\/v2\/types\/page"}],"author":[{"embeddable":true,"href":"https:\/\/cafe-aromats.lv\/ru\/wp-json\/wp\/v2\/users\/1"}],"replies":[{"embeddable":true,"href":"https:\/\/cafe-aromats.lv\/ru\/wp-json\/wp\/v2\/comments?post=1360"}],"version-history":[{"count":0,"href":"https:\/\/cafe-aromats.lv\/ru\/wp-json\/wp\/v2\/pages\/1360\/revisions"}],"wp:featuredmedia":[{"embeddable":true,"href":"https:\/\/cafe-aromats.lv\/ru\/wp-json\/wp\/v2\/media\/1869"}],"wp:attachment":[{"href":"https:\/\/cafe-aromats.lv\/ru\/wp-json\/wp\/v2\/media?parent=1360"}],"curies":[{"name":"wp","href":"https:\/\/api.w.org\/{rel}","templated":true}]}}