{"id":1705,"date":"2021-04-26T16:41:29","date_gmt":"2021-04-26T16:41:29","guid":{"rendered":"https:\/\/cafe-aromats.lv\/details\/"},"modified":"2021-04-26T18:58:51","modified_gmt":"2021-04-26T18:58:51","slug":"details","status":"publish","type":"page","link":"https:\/\/cafe-aromats.lv\/lv\/details\/","title":{"rendered":"Rekviz\u012bti"},"content":{"rendered":"[su_spacer size=&#8221;40&#8243;]\n\t<div class=\"pixcode  pixcode--grid  grid\" >\n\t\t\t<div class=\"grid__item six-twelfths palm-one-whole\" >\n\t\t\n<img decoding=\"async\" class=\"aligncenter size-medium wp-image-1180\" src=\"https:\/\/cafe-aromats.lv\/wp-content\/uploads\/2019\/06\/1-for-white-background-1-300x150.png\" alt=\"\" width=\"300\" height=\"150\" srcset=\"https:\/\/cafe-aromats.lv\/wp-content\/uploads\/2019\/06\/1-for-white-background-1-300x150.png 300w, https:\/\/cafe-aromats.lv\/wp-content\/uploads\/2019\/06\/1-for-white-background-1-768x384.png 768w, https:\/\/cafe-aromats.lv\/wp-content\/uploads\/2019\/06\/1-for-white-background-1-1024x512.png 1024w, https:\/\/cafe-aromats.lv\/wp-content\/uploads\/2019\/06\/1-for-white-background-1-2048x1023.png 2048w, https:\/\/cafe-aromats.lv\/wp-content\/uploads\/2019\/06\/1-for-white-background-1-1200x600.png 1200w, https:\/\/cafe-aromats.lv\/wp-content\/uploads\/2019\/06\/1-for-white-background-1-900x450.png 900w, https:\/\/cafe-aromats.lv\/wp-content\/uploads\/2019\/06\/1-for-white-background-1-400x200.png 400w, https:\/\/cafe-aromats.lv\/wp-content\/uploads\/2019\/06\/1-for-white-background-1-600x300.png 600w\" sizes=\"(max-width: 300px) 100vw, 300px\" \/><br \/>\n\t<\/div>\n\t<div class=\"grid__item six-twelfths palm-one-whole\" >\n\t\t\n[su_table]\n<table>\n<tbody>\n<tr>\n<td><span style=\"font-size: 10pt;\">Nosaukums<\/span><\/td>\n<td>SIA &#8220;Arom\u0101ts&#8221;<\/td>\n<\/tr>\n<tr>\n<td><span style=\"font-size: 10pt;\">Re\u0123istr\u0101cijas numurs<\/span><\/td>\n<td>42103013355<\/td>\n<\/tr>\n<tr>\n<td><span style=\"font-size: 10pt;\">Dati no PVN maks\u0101t\u0101ju re\u0123istra<\/span><\/td>\n<td><code>LV42103013355<\/code><\/td>\n<\/tr>\n<tr>\n<td><span style=\"font-size: 10pt;\">Re\u0123istr\u0101cijas apliec\u012bba<\/span><\/td>\n<td>Nr. C43548<\/td>\n<\/tr>\n<tr>\n<td><span style=\"font-size: 10pt;\">Adrese<\/span><\/td>\n<td>Tirgo\u0146u iela 20, Liep\u0101ja, LV-3401<\/td>\n<\/tr>\n<tr>\n<td><span style=\"font-size: 10pt;\">T\u0101lrunis<\/span><\/td>\n<td>+371 29559230<\/td>\n<\/tr>\n<\/tbody>\n<\/table>\n[\/su_table]\n\t<\/div>\n\t<\/div>\n\n","protected":false},"excerpt":{"rendered":"<p>[su_spacer size=&#8221;40&#8243;]<\/p>\n","protected":false},"author":1,"featured_media":1271,"parent":0,"menu_order":0,"comment_status":"closed","ping_status":"closed","template":"","meta":{"content-type":"","_mi_skip_tracking":false,"_monsterinsights_sitenote_active":false,"_monsterinsights_sitenote_note":"","_monsterinsights_sitenote_category":0,"footnotes":""},"aioseo_notices":[],"_links":{"self":[{"href":"https:\/\/cafe-aromats.lv\/lv\/wp-json\/wp\/v2\/pages\/1705"}],"collection":[{"href":"https:\/\/cafe-aromats.lv\/lv\/wp-json\/wp\/v2\/pages"}],"about":[{"href":"https:\/\/cafe-aromats.lv\/lv\/wp-json\/wp\/v2\/types\/page"}],"author":[{"embeddable":true,"href":"https:\/\/cafe-aromats.lv\/lv\/wp-json\/wp\/v2\/users\/1"}],"replies":[{"embeddable":true,"href":"https:\/\/cafe-aromats.lv\/lv\/wp-json\/wp\/v2\/comments?post=1705"}],"version-history":[{"count":0,"href":"https:\/\/cafe-aromats.lv\/lv\/wp-json\/wp\/v2\/pages\/1705\/revisions"}],"wp:featuredmedia":[{"embeddable":true,"href":"https:\/\/cafe-aromats.lv\/lv\/wp-json\/wp\/v2\/media\/1271"}],"wp:attachment":[{"href":"https:\/\/cafe-aromats.lv\/lv\/wp-json\/wp\/v2\/media?parent=1705"}],"curies":[{"name":"wp","href":"https:\/\/api.w.org\/{rel}","templated":true}]}}