{"id":1398,"date":"2019-06-08T14:58:10","date_gmt":"2019-06-08T14:58:10","guid":{"rendered":"https:\/\/cafe-aromats.lv\/privacy-policy\/"},"modified":"2021-04-26T18:19:40","modified_gmt":"2021-04-26T18:19:40","slug":"privacy-policy","status":"publish","type":"page","link":"https:\/\/cafe-aromats.lv\/lv\/privacy-policy\/","title":{"rendered":"Privacy Policy"},"content":{"rendered":"<h1>Konfidencialit\u0101tes politika<\/h1>\n<p>Izmantojot vietni <a href=\"https:\/\/cafe-aromats.lv\"><strong>https:\/\/cafe-aromats.lv<\/strong><\/a>, j\u016bs uzticat mums savu person\u012bgo inform\u0101ciju. Lai uzzin\u0101tu, k\u0101du inform\u0101ciju m\u0113s ieg\u016bstam un k\u0101 to izmantojam, r\u016bp\u012bgi izlasiet m\u016bsu konfidencialit\u0101tes politiku.<\/p>\n<p>M\u0113s cen\u0161amies iev\u0113rot un aizsarg\u0101t j\u016bsu personas konfidencialit\u0101ti ar kuru m\u0113s mijiedarbojamies. M\u0113s apstr\u0101d\u0101sim j\u016bsu personisko inform\u0101ciju jebkur\u0101 laik\u0101, saska\u0146\u0101 ar piem\u0113rojamiem priv\u0101tuma un datu aizsardz\u012bbas likumiem.<\/p>\n<p>\u0160is konfidencialit\u0101tes politikas m\u0113r\u0137is ir nodro\u0161in\u0101t p\u0101rskatam\u012bbu par to, k\u0101 m\u0113s apkopojam inform\u0101ciju \u0161aj\u0101 t\u012bmek\u013ca vietn\u0113.<\/p>\n<h3>Inform\u0101cija, ko m\u0113s sav\u0101cam \u0161aj\u0101 vietn\u0113<\/h3>\n<p>M\u0113s sav\u0101cam inform\u0101ciju par jums, ja izmantojat m\u016bsu t\u012bmek\u013ca vietnes interaktiv\u0101s funkcijas, kur\u0101m nepiecie\u0161ama personaliz\u0113ta atbilde vai kad nos\u016btat pakalpojumu piepras\u012bjumu. M\u016bsu apkopot\u0101 inform\u0101cija ir ierobe\u017eota l\u012bdz prec\u012bzai inform\u0101cijai, kas nepiecie\u0161ama konkr\u0113tam pakalpojumam, kuru pieprasij\u0101t. M\u0113s nev\u0101cam konfidenci\u0101lu inform\u0101ciju, piem\u0113ram, j\u016bsu politisk\u0101s vai religisk\u0101s parliec\u012bbas, etnisk\u0101s pieder\u012bbas, seksual\u0101s izv\u0113les, vesel\u012bbas vai citas konfidenci\u0101las inform\u0101cijas.<\/p>\n<h3>K\u0101 m\u0113s izmantojam \u0161o inform\u0101ciju<\/h3>\n<p>Iz\u0146emot gad\u012bjumus, kad to pieprasa likums, m\u0113s izmantojam tikai personiski identific\u0113jamu inform\u0101ciju, kuru j\u016bs sniedzat, lai sniegtu konkr\u0113tu inform\u0101ciju vai pakalpojumu, kuru j\u016bs piepras\u012bj\u0101t. Piem\u0113ram, ja j\u016bs abon\u0113jat m\u016bsu bilete\u0146u vai nos\u016bt\u012bj\u0101t piepras\u012bjumu par m\u016bsu pakalpojumu pas\u016bt\u012bjumu, m\u0113s izmantosim e-pasta adresi, kuru j\u016bs iesniedz\u0101t tikai, lai atbild\u0113tu uz \u0161o piepras\u012bjumu. Bez j\u016bsu nep\u0101rprotamas piekri\u0161anas m\u0113s neizmantosim j\u016bsu kontaktinform\u0101ciju citiem m\u0113r\u0137iem.<\/p>\n<h3>K\u0101 m\u0113s glab\u0101jam j\u016bsu personisko inform\u0101ciju<\/h3>\n<p>M\u0113s cen\u0161amies nodro\u0161in\u0101t j\u016bsu personisk\u0101s inform\u0101cijas dro\u0161\u012bbu un konfidencialit\u0101ti un nesaglab\u0101t ilg\u0101k, nek\u0101 nepiecie\u0161ams. Laiku pa laikam m\u0113s varam l\u016bgt citiem grupas dal\u012bbniekiem vai tre\u0161o personu pakalpojumu sniedz\u0113jiem pal\u012bdz\u0113t mums p\u0101rvald\u012bt m\u016bsu inform\u0101cijas tehnologiju sist\u0113m\u0101s. Da\u017eas no \u0161\u012bm sist\u0113m\u0101m var atrasties \u0101rvalst\u012bs. M\u0113s dal\u012bsimies ar j\u016bsu informaciju ,ar tre\u0161as puses pakalpojumu sniedz\u0113ju vai \u0101rzem\u0113s tikai tad, ja m\u0113s b\u016bsim apmierin\u0101ti ar apstr\u0101d\u0101t\u0101s inform\u0101cijas aizsardz\u012bbu un dro\u0161\u012bbu un konfidencialit\u0101tes un datu aizsardz\u012bbas likumu ievero\u0161anu.<\/p>\n<h3>K\u0101 m\u0113s izvietojam &#8220;s\u012bkfailus&#8221;<\/h3>\n<p>S\u012bkfaili ir maza inform\u0101cijas pakete, kas tiek glab\u0101ta j\u016bsu t\u012bmek\u013ca p\u0101rl\u016bkprogramm\u0101, kad apmekl\u0113j\u0101t noteiktas vietnes,tostarp m\u016bsu t\u012bmek\u013ca vietni. S\u012bkdatnes parasti izmanto vietnes, lai uzlabotu lietot\u0101jasaskarni, \u013caujot \u0161ai vietnei &#8220;atcer\u0113ties&#8221; j\u016bs vai nu j\u016bsu apmekl\u0113juma laik\u0101 (izmantojot sesijas s\u012bkfailu, kas tiek dz\u0113sts, kad p\u0101rl\u016bkprogramma ir aizverta), vai atk\u0101rtotiem apmekl\u0113jumiem ( izmantojot &#8220;past\u0101vigu&#8221; s\u012bkfailu).<br \/>\nM\u0113s neizmantojam s\u012bkfailus, lai saglab\u0101tu j\u016bsu personisko inform\u0101ciju.<\/p>\n<h3>M\u016bsu vietn\u0113 tiek izmantoti \u0161adi s\u012bkfailu veidi:<\/h3>\n<p>S\u012bkdatnes, kas nodro\u0161ina t\u012bmek\u013ca viet\u0146u funkciju pien\u0101c\u012bgu darb\u012bbu (stingri nepiecie\u0161am\u0101s sikdatn\u0113s)<br \/>\n\u0160ie s\u012bkfaili ir nepiecie\u0161ami, lai j\u016bs var\u0113tu p\u0101rl\u016bkot vietni un izmantot t\u0101s funkcijas. Tie ir paz\u012bstami k\u0101 &#8220;pirm\u0101s puses&#8221; s\u012bkfaili. Bez \u0161\u012bm s\u012bkdatn\u0113m nevarat nodro\u0161in\u0101t t\u0101dus pakalpojumus k\u0101 atbilsto\u0161a satura ieklau\u0161ana, pamatojoties uz j\u016bsu ier\u012bces tipu.<br \/>\nS\u012bkfaili, kas \u013cauj analiz\u0113t vietnes izmanto\u0161anu (anal\u012btisk\u0101s s\u012bkdatnes)<br \/>\n\u0160ie cookie faili sniedz inform\u0101ciju par to, k\u0101 apmekl\u0101t\u0101ji izmanto vietni,lai m\u0113s var\u0113tu analiz\u0113t satiksmes un saprast, k\u0101 apmekl\u0113t\u0101ji izmanto m\u016bsu vietni.<br \/>\n\u0161im nol\u016bkam m\u0113s izmantojam s\u012bkfailus, ko izsniegusi tre\u0161\u0101 puse, Google Analytics (cookie \u00abTre\u0161\u0101s puses&#8221;). Google Analytics izmanto savus s\u012bkfailus. \u0160ie s\u012bkfaili nesav\u0101c inform\u0101ciju, kas identific\u0113 apmekl\u0113taju. Visa \u0161\u012b s\u012bkfailu sav\u0101kt\u0101 inform\u0101cija tiek apkopota un t\u0101p\u0113c ir anon\u012bma. To izmanto tikai, lai uzlabotu vietnes darbu. Uzziniet vair\u0101k par Google Analytics s\u012bkfailu var \u0161eit: https:\/\/developers.google.com\/analytics\/resources\/concepts\/gaConceptsCookies. J\u016bs varat izvair\u012bties no Google Analytics izmanto\u0161anas m\u016bsu m\u0101jas lap\u0101, lejupiel\u0101d\u0113jot un instal\u0113jot parl\u016bka spraudni, kas ir pieejama \u0161eiti: http:\/\/tools.google.com\/dlpage\/gaoptout?hl=ru.<\/p>\n<h3>Funkcion\u0101l\u0101s s\u012bkdatnes<\/h3>\n<p>&nbsp;<\/p>\n<p>\u0160ie s\u012bkfaili \u013cauj m\u016bsu vietnei atcer\u0113ties izv\u0113l\u0113to (piem\u0113ram, re\u0123ionu, kur\u0101 atrodas) un vair\u0101k nodro\u0161in\u0101t uzlabot\u0101s person\u012bga\u0101s funkcijas. \u0160ie s\u012akfaili tiks izmantoti ar\u012b, lai atcer\u0113tos veikt\u0101s izmai\u0146s tekst\u0101 izm\u0113ram, fontiem un cit\u0101m t\u012bmek\u013ca lapu da\u013c\u0101m, kuras j\u016bs varat piel\u0101got. T\u0101s var ar\u012b izmantot, lai sniegtu piepras\u012btos pakalpojumus. \u0160o s\u012bkfailu apkopota inform\u0101cija var b\u016bt anon\u012bma un t\u0101s nevar izsekot j\u016bsu darb\u012bbai citu viet\u0146u p\u0101rl\u016bkprogramm\u0101.<\/p>\n<h3>S\u012bkdatnes soci\u0101lajiem t\u012bkliem<\/h3>\n<p>\u0160ie s\u012bkfaili \u013cauj registr\u0113tiem da\u017eu soci\u0101lo t\u012bklu lietot\u0101jiem tie\u0161i kop\u012bgot noteiktu saturu m\u016bsu vietn\u0113 un atz\u012bm\u0113t &#8220;Man pat\u012bk&#8221;.<br \/>\nPersonas, kas p\u0101rstav soci\u0101los t\u012bklus, var ar\u012b sav\u0101kt savus personas datus saviem m\u0113r\u0137iem. M\u016bsu uz\u0146\u0113mumam nav ietekmes uz to, k\u0101 \u0161\u012bs personas, kas p\u0101rst\u0101v soci\u0101los t\u012bklus, izmanto j\u016bsu personas datus. Pla\u0161\u0101ku inform\u0101ciju par s\u012bkfailiem, ko noteiku\u0161i soci\u0101lie t\u012bkli un vi\u0146u apkopotie dati, skatiet vi\u0146u konfidencialit\u0101tes politik\u0101 un s\u012bkfailu lieto\u0161an\u0101.<\/p>\n<h3>M\u016bsu atbild\u012bba par vietnes sait\u0113m<\/h3>\n<p>\u0160\u012a konfidencialit\u0101tes politika attiecas tikai uz personisko inform\u0101ciju, kuru m\u0113s apkopojam un lietojam, izmantojot \u0161o vietni. M\u0113s sniedzam saites uz \u0161o vietni cit\u0101s t\u012bmek\u013ca vietn\u0113s, tostarp socialo t\u012bklu vietnes, piem\u0113ram, Facebook, Instagram. Ja sekoj\u0101t \u0161\u012bm sait\u0113m, \u0161\u012bs vietnes ir ja\u0101izmanto saist\u012bba\u0101 ar piemerojam\u0101m lieto\u0161anas un konfidencialit\u0101tes politik\u0101m, jo to apstr\u0101de neattiecas uz konfidencialit\u0101tes politiku. Bez tam, m\u0113s neesam atbild\u012bgi par tre\u0161\u0101s puses t\u012bmek\u013ca sav\u0101kto inform\u0101ciju, un nevaram b\u016bt atbild\u012bgi par aizsardz\u012bbu un jebk\u0101du inform\u0101ciju priv\u0101tumu, j\u016bs varat sniegt uz \u0161\u0101d\u0101m viet\u0101m.<\/p>\n<h3>Inform\u0101cijas apmai\u0146a un izpau\u0161ana<\/h3>\n<p>M\u0113s nep\u0101rdodam vai neizmantojam j\u016bsu personas datus tre\u0161aj\u0101m person\u0101m.<br \/>\nM\u0113s varam izpaust personisko inform\u0101ciju, atbildot uz tiesas pr\u0101vu, piem\u0113ram, atbildot uz tiesas r\u012bkojumu vai uzaicin\u0101jumu ties\u0101 vai atbildot uz ties\u012bbaizsardz\u012bbas iest\u0101des piepras\u012bjumu vai, ja m\u0113s uzskat\u0101m, ka ir nepiecie\u0161ams izmekl\u0113t, nov\u0113rst vai veikt pas\u0101kumus pretlikum\u012bg\u0101m darb\u012bb\u0101m un cit\u0101di saska\u0146\u0101 ar likumu.<br \/>\nM\u016bsu p\u0101rst\u0101vji un darbuz\u0146\u0113m\u0113ji var piek\u013c\u016bt personiski identific\u0113jamai inform\u0101cijai, lai pal\u012bdz\u0113tu mums veikt savus pakalpojumus.<\/p>\n<h3>Izmai\u0146as<\/h3>\n<p>Laiku pa laikam m\u0113s varam main\u012bt politiku, atjauninot \u0161o lapu. Jums periodiski j\u0101p\u0101rbauda \u0161\u012b lapa, lai j\u016bs zin\u0101tu par vis\u0101m izmai\u0146\u0101m. \u0160\u012b politika tika atjaunin\u0101ta 2021. gada 1. maij\u0101.<br \/>\nSazinieties ar mums, ja j\u016bsu inform\u0101cija vai izv\u0101le ir main\u012bta<br \/>\nJa v\u0101laties p\u0101rtraukt no mums sa\u0146emt inform\u0101ciju vai main\u012bt personisk\u0101s preferences un nev\u0113laties, lai m\u0113s nos\u016bt\u012btu jums piepras\u012bto inform\u0101ciju, vai ja jums ir k\u0101di jaut\u0101jumi par to, k\u0101 m\u0113s izmantojam j\u016bsu personisko inform\u0101ciju, inform\u0113jiet , sazinoties ar mums:<br \/>\nTalr.: +371 29559230<\/p>\n","protected":false},"excerpt":{"rendered":"<p>Konfidencialit\u0101tes politika Izmantojot vietni https:\/\/cafe-aromats.lv, j\u016bs uzticat mums savu person\u012bgo inform\u0101ciju. Lai uzzin\u0101tu, k\u0101du inform\u0101ciju m\u0113s ieg\u016bstam un k\u0101 to izmantojam, r\u016bp\u012bgi izlasiet m\u016bsu konfidencialit\u0101tes politiku. M\u0113s cen\u0161amies iev\u0113rot un aizsarg\u0101t j\u016bsu personas konfidencialit\u0101ti ar kuru m\u0113s mijiedarbojamies. M\u0113s apstr\u0101d\u0101sim j\u016bsu personisko inform\u0101ciju jebkur\u0101 laik\u0101, saska\u0146\u0101 ar piem\u0113rojamiem priv\u0101tuma un datu aizsardz\u012bbas likumiem. \u0160is konfidencialit\u0101tes..<\/p>\n","protected":false},"author":1,"featured_media":1716,"parent":0,"menu_order":0,"comment_status":"closed","ping_status":"open","template":"","meta":{"content-type":"","_mi_skip_tracking":false,"_monsterinsights_sitenote_active":false,"_monsterinsights_sitenote_note":"","_monsterinsights_sitenote_category":0,"footnotes":""},"aioseo_notices":[],"_links":{"self":[{"href":"https:\/\/cafe-aromats.lv\/lv\/wp-json\/wp\/v2\/pages\/1398"}],"collection":[{"href":"https:\/\/cafe-aromats.lv\/lv\/wp-json\/wp\/v2\/pages"}],"about":[{"href":"https:\/\/cafe-aromats.lv\/lv\/wp-json\/wp\/v2\/types\/page"}],"author":[{"embeddable":true,"href":"https:\/\/cafe-aromats.lv\/lv\/wp-json\/wp\/v2\/users\/1"}],"replies":[{"embeddable":true,"href":"https:\/\/cafe-aromats.lv\/lv\/wp-json\/wp\/v2\/comments?post=1398"}],"version-history":[{"count":0,"href":"https:\/\/cafe-aromats.lv\/lv\/wp-json\/wp\/v2\/pages\/1398\/revisions"}],"wp:featuredmedia":[{"embeddable":true,"href":"https:\/\/cafe-aromats.lv\/lv\/wp-json\/wp\/v2\/media\/1716"}],"wp:attachment":[{"href":"https:\/\/cafe-aromats.lv\/lv\/wp-json\/wp\/v2\/media?parent=1398"}],"curies":[{"name":"wp","href":"https:\/\/api.w.org\/{rel}","templated":true}]}}