{"id":1359,"date":"2019-06-11T22:23:39","date_gmt":"2019-06-11T22:23:39","guid":{"rendered":"https:\/\/cafe-aromats.lv\/guestbook\/"},"modified":"2021-05-06T16:25:46","modified_gmt":"2021-05-06T16:25:46","slug":"guestbook","status":"publish","type":"page","link":"https:\/\/cafe-aromats.lv\/lv\/guestbook\/","title":{"rendered":"Guestbook"},"content":{"rendered":"<h3>Arom\u0101ts<\/h3>\n<p>\nM\u0113s ceram, ka Jums pat\u012bk! Ja t\u0101 ir, vai J\u016bs apsv\u0113rtu iesp\u0113ju public\u0113t tie\u0161saistes atsauksmi? Tas pal\u012bdz mums turpin\u0101t pied\u0101v\u0101t lieliskus produktus un potenci\u0101lajiem pirc\u0113jiem pie\u0146emt p\u0101rliecin\u0101tus l\u0113mumus.<\/p>\n<p>Jau iepriek\u0161 pateicamies par J\u016bsu atsauksmi un par to, ka esat visgaid\u012bt\u0101kais apmekl\u0113t\u0101js.<\/p>\n[reviews_rating theme=&#8221;columns one fonts&#8221; vicinity=&#8221;Arom\u0101ts, Tirgo\u0146u 20, Liep\u0101ja, LV-3401&#8243; reviews_link=&#8221;View Google Reviews&#8221; write_review_link=&#8221;Leave A Review&#8221;]\n","protected":false},"excerpt":{"rendered":"<p>Arom\u0101ts M\u0113s ceram, ka Jums pat\u012bk! Ja t\u0101 ir, vai J\u016bs apsv\u0113rtu iesp\u0113ju public\u0113t tie\u0161saistes atsauksmi? Tas pal\u012bdz mums turpin\u0101t pied\u0101v\u0101t lieliskus produktus un potenci\u0101lajiem pirc\u0113jiem pie\u0146emt p\u0101rliecin\u0101tus l\u0113mumus. Jau iepriek\u0161 pateicamies par J\u016bsu atsauksmi un par to, ka esat visgaid\u012bt\u0101kais apmekl\u0113t\u0101js. [reviews_rating theme=&#8221;columns one fonts&#8221; vicinity=&#8221;Arom\u0101ts, Tirgo\u0146u 20, Liep\u0101ja, LV-3401&#8243; reviews_link=&#8221;View Google Reviews&#8221; write_review_link=&#8221;Leave..<\/p>\n","protected":false},"author":1,"featured_media":1868,"parent":0,"menu_order":0,"comment_status":"closed","ping_status":"closed","template":"","meta":{"content-type":"","_mi_skip_tracking":false,"_monsterinsights_sitenote_active":false,"_monsterinsights_sitenote_note":"","_monsterinsights_sitenote_category":0,"footnotes":""},"aioseo_notices":[],"_links":{"self":[{"href":"https:\/\/cafe-aromats.lv\/lv\/wp-json\/wp\/v2\/pages\/1359"}],"collection":[{"href":"https:\/\/cafe-aromats.lv\/lv\/wp-json\/wp\/v2\/pages"}],"about":[{"href":"https:\/\/cafe-aromats.lv\/lv\/wp-json\/wp\/v2\/types\/page"}],"author":[{"embeddable":true,"href":"https:\/\/cafe-aromats.lv\/lv\/wp-json\/wp\/v2\/users\/1"}],"replies":[{"embeddable":true,"href":"https:\/\/cafe-aromats.lv\/lv\/wp-json\/wp\/v2\/comments?post=1359"}],"version-history":[{"count":0,"href":"https:\/\/cafe-aromats.lv\/lv\/wp-json\/wp\/v2\/pages\/1359\/revisions"}],"wp:featuredmedia":[{"embeddable":true,"href":"https:\/\/cafe-aromats.lv\/lv\/wp-json\/wp\/v2\/media\/1868"}],"wp:attachment":[{"href":"https:\/\/cafe-aromats.lv\/lv\/wp-json\/wp\/v2\/media?parent=1359"}],"curies":[{"name":"wp","href":"https:\/\/api.w.org\/{rel}","templated":true}]}}