{"id":1353,"date":"2014-05-30T12:39:03","date_gmt":"2014-05-30T12:39:03","guid":{"rendered":"https:\/\/cafe-aromats.lv\/menu\/"},"modified":"2021-04-29T09:04:43","modified_gmt":"2021-04-29T09:04:43","slug":"menu","status":"publish","type":"page","link":"https:\/\/cafe-aromats.lv\/lv\/menu\/","title":{"rendered":"\u0112dienu karte"},"content":{"rendered":"\t<div class=\"pixcode  pixcode--grid  grid\" >\n\t\t\t<div class=\"grid__item six-twelfths palm-one-whole\" >\n\t\t\n<div class=\"menu-list menu-list__dotted\">\n<h2 class=\"menu-list__title\">Sal\u0101ti<\/h2>\n<hr class=\"separator\"\/>\n<ul class=\"menu-list__items\">\n<li class=\"menu-list__item\">\n<h4 class=\"menu-list__item-title\"><span class=\"item_title\">C\u0113zara salati<\/span><span class=\"dots\"><\/span><\/h4>\n<p class=\"menu-list__item-desc\"><span class=\"desc__content\">ar vistas ga\u013cu<\/span><\/p>\n<span class=\"dots\"><\/span><span class=\"menu-list__item-price\">\u20ac4.00<\/span><\/li>\n<li class=\"menu-list__item\">\n<h4 class=\"menu-list__item-title\"><span class=\"item_title\">C\u0113zara salati<\/span><span class=\"dots\"><\/span><\/h4>\n<p class=\"menu-list__item-desc\"><span class=\"desc__content\">ar garnel\u0113m<\/span><\/p>\n<span class=\"dots\"><\/span><span class=\"menu-list__item-price\">\u20ac4.00<\/span><\/li>\n<li class=\"menu-list__item\">\n<h4 class=\"menu-list__item-title\"><span class=\"item_title\">Grie\u0137u sal\u0101ti<\/span><span class=\"dots\"><\/span><\/h4>\n<span class=\"dots\"><\/span><span class=\"menu-list__item-price\">\u20ac3.50<\/span><\/li>\n<\/ul>\n<\/div>\n\n\t<\/div>\n\t<div class=\"grid__item six-twelfths palm-one-whole\" >\n\t\t\n<div class=\"menu-list menu-list__dotted\">\n<h2 class=\"menu-list__title\">Brokastis<\/h2>\n<hr class=\"separator\"\/>\n<ul class=\"menu-list__items\">\n<li class=\"menu-list__item\">\n<h4 class=\"menu-list__item-title\"><span class=\"item_title\">Omlete<\/span><span class=\"dots\"><\/span><\/h4>\n<p class=\"menu-list__item-desc\"><span class=\"desc__content\">ar vistas ga\u013cu un d\u0101rze\u0146iem<\/span><\/p>\n<span class=\"dots\"><\/span><span class=\"menu-list__item-price\">\u20ac3.00<\/span><\/li>\n<li class=\"menu-list__item\">\n<h4 class=\"menu-list__item-title\"><span class=\"item_title\">Omlete<\/span><span class=\"dots\"><\/span><\/h4>\n<p class=\"menu-list__item-desc\"><span class=\"desc__content\">ar garnel\u0113m<\/span><\/p>\n<span class=\"dots\"><\/span><span class=\"menu-list__item-price\">\u20ac3.50<\/span><\/li>\n<li class=\"menu-list__item\">\n<h4 class=\"menu-list__item-title\"><span class=\"item_title\">Omlete<\/span><span class=\"dots\"><\/span><\/h4>\n<p class=\"menu-list__item-desc\"><span class=\"desc__content\">ar d\u0101rze\u0146iem<\/span><\/p>\n<span class=\"dots\"><\/span><span class=\"menu-list__item-price\">\u20ac2.00<\/span><\/li>\n<li class=\"menu-list__item\">\n<h4 class=\"menu-list__item-title\"><span class=\"item_title\">Omlete<\/span><span class=\"dots\"><\/span><\/h4>\n<p class=\"menu-list__item-desc\"><span class=\"desc__content\">ar kupinajumiem<\/span><\/p>\n<span class=\"dots\"><\/span><span class=\"menu-list__item-price\">\u20ac3.00<\/span><\/li>\n<li class=\"menu-list__item\">\n<h4 class=\"menu-list__item-title\"><span class=\"item_title\">Ziemnieku brokastis<\/span><span class=\"dots\"><\/span><\/h4>\n<span class=\"dots\"><\/span><span class=\"menu-list__item-price\">\u20ac3.50<\/span><\/li>\n<\/ul>\n<\/div>\n\n\t<\/div>\n\t<\/div>\n\n\t<div class=\"pixcode  pixcode--grid  grid\" >\n\t\t\t<div class=\"grid__item six-twelfths palm-one-whole\" >\n\t\t\n<div class=\"menu-list menu-list__dotted\">\n<h2 class=\"menu-list__title\">Zupas<\/h2>\n<hr class=\"separator\"\/>\n<ul class=\"menu-list__items\">\n<li class=\"menu-list__item\">\n<h4 class=\"menu-list__item-title\"><span class=\"item_title\">So\u013canka<\/span><span class=\"dots\"><\/span><\/h4>\n<span class=\"dots\"><\/span><span class=\"menu-list__item-price\">\u20ac2.50<\/span><\/li>\n<li class=\"menu-list__item\">\n<div class=\"menu-list__item-highlight-wrapper\">\n<span class=\"menu-list__item-highlight-title\">jaut\u0101t viesm\u012blim<\/span>\n<h4 class=\"menu-list__item-title\"><span class=\"item_title\">Dienas zupa<\/span><span class=\"dots\"><\/span><\/h4>\n<span class=\"dots\"><\/span><span class=\"menu-list__item-price\">\u20ac2.00<\/span><\/div>\n<\/li>\n<\/ul>\n<\/div>\n\n\t<\/div>\n\t<div class=\"grid__item six-twelfths palm-one-whole\" >\n\t\t\n<div class=\"menu-list menu-list__dotted\">\n<\/div>\n\n\t<\/div>\n\t<\/div>\n\n<div class=\"pixcode  pixcode--separator  separator separator--flower\">&#10043;<\/div>\n\n","protected":false},"excerpt":{"rendered":"","protected":false},"author":1,"featured_media":1249,"parent":0,"menu_order":0,"comment_status":"closed","ping_status":"closed","template":"","meta":{"content-type":"","_mi_skip_tracking":false,"_monsterinsights_sitenote_active":false,"_monsterinsights_sitenote_note":"","_monsterinsights_sitenote_category":0,"footnotes":""},"aioseo_notices":[],"_links":{"self":[{"href":"https:\/\/cafe-aromats.lv\/lv\/wp-json\/wp\/v2\/pages\/1353"}],"collection":[{"href":"https:\/\/cafe-aromats.lv\/lv\/wp-json\/wp\/v2\/pages"}],"about":[{"href":"https:\/\/cafe-aromats.lv\/lv\/wp-json\/wp\/v2\/types\/page"}],"author":[{"embeddable":true,"href":"https:\/\/cafe-aromats.lv\/lv\/wp-json\/wp\/v2\/users\/1"}],"replies":[{"embeddable":true,"href":"https:\/\/cafe-aromats.lv\/lv\/wp-json\/wp\/v2\/comments?post=1353"}],"version-history":[{"count":0,"href":"https:\/\/cafe-aromats.lv\/lv\/wp-json\/wp\/v2\/pages\/1353\/revisions"}],"wp:featuredmedia":[{"embeddable":true,"href":"https:\/\/cafe-aromats.lv\/lv\/wp-json\/wp\/v2\/media\/1249"}],"wp:attachment":[{"href":"https:\/\/cafe-aromats.lv\/lv\/wp-json\/wp\/v2\/media?parent=1353"}],"curies":[{"name":"wp","href":"https:\/\/api.w.org\/{rel}","templated":true}]}}