{"id":1329,"date":"2014-05-30T14:17:08","date_gmt":"2014-05-30T14:17:08","guid":{"rendered":"https:\/\/cafe-aromats.lv\/contact\/"},"modified":"2021-05-06T19:12:32","modified_gmt":"2021-05-06T19:12:32","slug":"contact","status":"publish","type":"page","link":"https:\/\/cafe-aromats.lv\/lv\/contact\/","title":{"rendered":"Contact"},"content":{"rendered":"[su_spacer size=&#8221;40&#8243;]\n\t<div class=\"pixcode  pixcode--grid  grid\" >\n\t\t\t<div class=\"grid__item six-twelfths palm-one-whole\" >\n\t\t\n<h3 class=\"flush--top\">SAZINIETIES<\/h3>\n<p><span style=\"font-size: 14pt;\"> Arom\u0101ts atrodas pils\u0113tas centr\u0101, galvenaj\u0101 g\u0101j\u0113ju iel\u0101<\/span><\/p>\n<p><span style=\"font-size: 14pt;\">Ja jums ir jaut\u0101jumi vai koment\u0101ri, l\u016bdzam v\u0113rsties pie mums jums \u0113rt\u0101kaj\u0101 veid\u0101. Dro\u0161i vaic\u0101jiet! Nav t\u0101da atbilsto\u0161a jaut\u0101juma, uz kuru m\u016bsu komanda nevar\u0113tu atbild\u0113t.<\/p>\n\t<\/div>\n\t<div class=\"grid__item six-twelfths palm-one-whole\" >\n\t\t\n\n<div class=\"wpcf7 no-js\" id=\"wpcf7-f1673-o1\" lang=\"en-US\" dir=\"ltr\">\n<div class=\"screen-reader-response\"><p role=\"status\" aria-live=\"polite\" aria-atomic=\"true\"><\/p> <ul><\/ul><\/div>\n<form action=\"\/lv\/wp-json\/wp\/v2\/pages\/1329#wpcf7-f1673-o1\" method=\"post\" class=\"wpcf7-form init\" aria-label=\"Contact form\" novalidate=\"novalidate\" data-status=\"init\">\n<div style=\"display: none;\">\n<input type=\"hidden\" name=\"_wpcf7\" value=\"1673\" \/>\n<input type=\"hidden\" name=\"_wpcf7_version\" value=\"5.8.4\" \/>\n<input type=\"hidden\" name=\"_wpcf7_locale\" value=\"en_US\" \/>\n<input type=\"hidden\" name=\"_wpcf7_unit_tag\" value=\"wpcf7-f1673-o1\" \/>\n<input type=\"hidden\" name=\"_wpcf7_container_post\" value=\"0\" \/>\n<input type=\"hidden\" name=\"_wpcf7_posted_data_hash\" value=\"\" \/>\n<input type=\"hidden\" name=\"_wpcf7_recaptcha_response\" value=\"\" \/>\n<\/div>\n<p><label> J\u016bsu v\u0101rds*<br \/>\n<span class=\"wpcf7-form-control-wrap\" data-name=\"your-name\"><input size=\"40\" class=\"wpcf7-form-control wpcf7-text wpcf7-validates-as-required\" aria-required=\"true\" aria-invalid=\"false\" value=\"\" type=\"text\" name=\"your-name\" \/><\/span> <\/label>\n<\/p>\n<p><label> J\u016bsu e-pasta adrese*<br \/>\n<span class=\"wpcf7-form-control-wrap\" data-name=\"your-email\"><input size=\"40\" class=\"wpcf7-form-control wpcf7-email wpcf7-validates-as-required wpcf7-text wpcf7-validates-as-email\" aria-required=\"true\" aria-invalid=\"false\" value=\"\" type=\"email\" name=\"your-email\" \/><\/span> <\/label>\n<\/p>\n<p><label> Temats*<br \/>\n<span class=\"wpcf7-form-control-wrap\" data-name=\"your-subject\"><input size=\"40\" class=\"wpcf7-form-control wpcf7-text wpcf7-validates-as-required\" aria-required=\"true\" aria-invalid=\"false\" value=\"\" type=\"text\" name=\"your-subject\" \/><\/span> <\/label>\n<\/p>\n<p><label> J\u016bsu zi\u0146a*<br \/>\n<span class=\"wpcf7-form-control-wrap\" data-name=\"your-message\"><textarea cols=\"40\" rows=\"10\" class=\"wpcf7-form-control wpcf7-textarea wpcf7-validates-as-required\" aria-required=\"true\" aria-invalid=\"false\" name=\"your-message\"><\/textarea><\/span> <\/label>\n<\/p>\n\n<p><label><br \/>\n<input class=\"wpcf7-form-control wpcf7-submit has-spinner\" type=\"submit\" value=\"S\u016bt\u012bt\" \/><\/label>\n<\/p><p style=\"display: none !important;\"><label>&#916;<textarea name=\"_wpcf7_ak_hp_textarea\" cols=\"45\" rows=\"8\" maxlength=\"100\"><\/textarea><\/label><input type=\"hidden\" id=\"ak_js_1\" name=\"_wpcf7_ak_js\" value=\"76\"\/><script>document.getElementById( \"ak_js_1\" ).setAttribute( \"value\", ( new Date() ).getTime() );<\/script><\/p><div class=\"wpcf7-response-output\" aria-hidden=\"true\"><\/div>\n<\/form>\n<\/div>\n\n\t<\/div>\n\t<\/div>\n\n","protected":false},"excerpt":{"rendered":"<p>[su_spacer size=&#8221;40&#8243;]<\/p>\n","protected":false},"author":1,"featured_media":1281,"parent":0,"menu_order":0,"comment_status":"closed","ping_status":"closed","template":"","meta":{"content-type":"","_mi_skip_tracking":false,"_monsterinsights_sitenote_active":false,"_monsterinsights_sitenote_note":"","_monsterinsights_sitenote_category":0,"footnotes":""},"aioseo_notices":[],"_links":{"self":[{"href":"https:\/\/cafe-aromats.lv\/lv\/wp-json\/wp\/v2\/pages\/1329"}],"collection":[{"href":"https:\/\/cafe-aromats.lv\/lv\/wp-json\/wp\/v2\/pages"}],"about":[{"href":"https:\/\/cafe-aromats.lv\/lv\/wp-json\/wp\/v2\/types\/page"}],"author":[{"embeddable":true,"href":"https:\/\/cafe-aromats.lv\/lv\/wp-json\/wp\/v2\/users\/1"}],"replies":[{"embeddable":true,"href":"https:\/\/cafe-aromats.lv\/lv\/wp-json\/wp\/v2\/comments?post=1329"}],"version-history":[{"count":0,"href":"https:\/\/cafe-aromats.lv\/lv\/wp-json\/wp\/v2\/pages\/1329\/revisions"}],"wp:featuredmedia":[{"embeddable":true,"href":"https:\/\/cafe-aromats.lv\/lv\/wp-json\/wp\/v2\/media\/1281"}],"wp:attachment":[{"href":"https:\/\/cafe-aromats.lv\/lv\/wp-json\/wp\/v2\/media?parent=1329"}],"curies":[{"name":"wp","href":"https:\/\/api.w.org\/{rel}","templated":true}]}}